{"id":3553,"date":"2024-05-16T09:57:09","date_gmt":"2024-05-16T09:57:09","guid":{"rendered":"https:\/\/probamedia.com\/resimofset\/contact-us\/"},"modified":"2025-07-21T08:49:14","modified_gmt":"2025-07-21T08:49:14","slug":"contact-us","status":"publish","type":"page","link":"https:\/\/resimofset.com\/en\/contact-us\/","title":{"rendered":"Contact Us"},"content":{"rendered":"\t\t<div data-elementor-type=\"wp-page\" data-elementor-id=\"3553\" class=\"elementor elementor-3553\" data-elementor-post-type=\"page\">\n\t\t\t\t<div class=\"elementor-element elementor-element-08c0ea5 e-flex e-con-boxed e-con e-parent\" data-id=\"08c0ea5\" data-element_type=\"container\" data-settings=\"{&quot;background_background&quot;:&quot;classic&quot;}\">\n\t\t\t\t\t<div class=\"e-con-inner\">\n\t\t\t\t<div class=\"elementor-element elementor-element-295a671 elementor-widget elementor-widget-heading\" data-id=\"295a671\" data-element_type=\"widget\" data-widget_type=\"heading.default\">\n\t\t\t\t<div class=\"elementor-widget-container\">\n\t\t\t\t\t<h2 class=\"elementor-heading-title elementor-size-default\">Contact Us<\/h2>\t\t\t\t<\/div>\n\t\t\t\t<\/div>\n\t\t\t\t\t<\/div>\n\t\t\t\t<\/div>\n\t\t<div class=\"elementor-element elementor-element-d31a444 e-flex e-con-boxed e-con e-parent\" data-id=\"d31a444\" data-element_type=\"container\">\n\t\t\t\t\t<div class=\"e-con-inner\">\n\t\t\t\t\t<\/div>\n\t\t\t\t<\/div>\n\t\t<div class=\"elementor-element elementor-element-2d642d2 e-flex e-con-boxed e-con e-parent\" data-id=\"2d642d2\" data-element_type=\"container\">\n\t\t\t\t\t<div class=\"e-con-inner\">\n\t\t<div class=\"elementor-element elementor-element-b68ca92 e-con-full e-flex e-con e-child\" data-id=\"b68ca92\" data-element_type=\"container\">\n\t\t\t\t<div class=\"elementor-element elementor-element-6ba849b elementor-widget elementor-widget-rr-contact-info\" data-id=\"6ba849b\" data-element_type=\"widget\" data-widget_type=\"rr-contact-info.default\">\n\t\t\t\t<div class=\"elementor-widget-container\">\n\t\t\t\t\t\r\n<div class=\"rr-contact-info rr-el-section\">\r\n        <div class=\"rr-contact__comment-form-box2 mb-30\">\r\n        <h2 class=\"latest-contact-us-2__title-wrapper-title wow fadeIn  animated rr-el-title rr-contact__title wow rrfadeUp rr-el-title\">Contact Information<\/h2>                <p class=\"rr-el-subtitle\">Reach Us Quickly and Easily \u2014 Get Answers to Your Questions!<\/p>\r\n            <\/div>\r\n        <div class=\"rr-contact-info-text\">\r\n                <div class=\"rr-contact-item d-flex\">\r\n            <div class=\"rr-contact-item-icon\">\r\n\r\n                                                <div class=\"contact-inner-img contact-img-1\">\r\n                    <svg width=\"22\" height=\"22\" viewBox=\"0 0 22 22\" fill=\"none\" xmlns=\"http:\/\/www.w3.org\/2000\/svg\">\n                                        <path d=\"M13.388 4.82261C14.3232 5.00472 15.1827 5.46123 15.8565 6.1337C16.5302 6.80617 16.9876 7.66402 17.1701 8.59743M13.388 1C15.331 1.21544 17.1429 2.08388 18.5261 3.46272C19.9093 4.84157 20.7817 6.64887 21 8.58788M20.0425 16.214V19.0809C20.0436 19.3471 19.989 19.6105 19.8821 19.8544C19.7753 20.0983 19.6186 20.3172 19.4221 20.4971C19.2256 20.677 18.9937 20.814 18.7411 20.8993C18.4885 20.9845 18.2208 21.0162 17.9552 20.9922C15.0089 20.6727 12.1787 19.6678 9.69214 18.0584C7.37869 16.5911 5.4173 14.6335 3.94724 12.3245C2.32908 9.83138 1.32206 6.99289 1.00777 4.03897C0.983845 3.7747 1.01531 3.50836 1.10017 3.25689C1.18503 3.00543 1.32141 2.77435 1.50065 2.57838C1.67989 2.3824 1.89804 2.22582 2.14123 2.11861C2.38442 2.0114 2.64731 1.9559 2.91316 1.95565H5.78561C6.25028 1.95109 6.70076 2.11532 7.05309 2.41774C7.40541 2.72016 7.63554 3.14013 7.70057 3.59937C7.82181 4.51686 8.04665 5.41772 8.37081 6.28476C8.49963 6.62681 8.52751 6.99855 8.45115 7.35593C8.37478 7.71331 8.19737 8.04135 7.93994 8.30118L6.72394 9.51486C8.08697 11.9074 10.0717 13.8883 12.4688 15.2488L13.6848 14.0351C13.9452 13.7782 14.2738 13.6011 14.6319 13.5249C14.99 13.4486 15.3624 13.4765 15.7051 13.6051C16.5738 13.9286 17.4764 14.153 18.3956 14.274C18.8608 14.3395 19.2855 14.5733 19.5892 14.931C19.8928 15.2887 20.0542 15.7453 20.0425 16.214Z\" stroke=\"#FF3D00\" stroke-width=\"1.5\" stroke-linecap=\"round\" stroke-linejoin=\"round\"><\/path>\n                                    <\/svg>                <\/div>\r\n                                \r\n            <\/div>\r\n            <div class=\"rr-contact-item-content\">\r\n                                <h3 class=\"rr-contact-item-title rr-el-re-Title\">Phone                <\/h3>\r\n                                                <a\r\n                    href=\"tel:902124226040\">+90 212 422 60 40<\/a>\r\n                            <\/div>\r\n        <\/div>\r\n                <div class=\"rr-contact-item d-flex\">\r\n            <div class=\"rr-contact-item-icon\">\r\n\r\n                                                <div class=\"contact-inner-img contact-img-2\">\r\n                    <svg width=\"22\" height=\"18\" viewBox=\"0 0 22 18\" fill=\"none\" xmlns=\"http:\/\/www.w3.org\/2000\/svg\">\n                                        <path d=\"M3 1H19C20.1 1 21 1.91406 21 3.03125V15.2188C21 16.3359 20.1 17.25 19 17.25H3C1.9 17.25 1 16.3359 1 15.2188V3.03125C1 1.91406 1.9 1 3 1Z\" stroke=\"#FF3D00\" stroke-width=\"1.5\" stroke-linecap=\"round\" stroke-linejoin=\"round\"><\/path>\n                                        <path d=\"M21 3.03125L11 10.1406L1 3.03125\" stroke=\"#FF3D00\" stroke-width=\"1.5\" stroke-linecap=\"round\" stroke-linejoin=\"round\"><\/path>\n                                    <\/svg>                <\/div>\r\n                                \r\n            <\/div>\r\n            <div class=\"rr-contact-item-content\">\r\n                                <h3 class=\"rr-contact-item-title rr-el-re-Title\">E-Mail                <\/h3>\r\n                                                <a\r\n                    href=\"mailto:info@resimofset.com\">info@resimofset.com<\/a>\r\n                            <\/div>\r\n        <\/div>\r\n                <div class=\"rr-contact-item d-flex\">\r\n            <div class=\"rr-contact-item-icon\">\r\n\r\n                                                <div class=\"contact-inner-img contact-img-3\">\r\n                    <svg width=\"22\" height=\"27\" viewBox=\"0 0 22 27\" fill=\"none\" xmlns=\"http:\/\/www.w3.org\/2000\/svg\">\n                                        <path d=\"M21 11.2273C21 19.1818 11 26 11 26C11 26 1 19.1818 1 11.2273C1 8.51483 2.05357 5.91348 3.92893 3.9955C5.8043 2.07751 8.34784 1 11 1C13.6522 1 16.1957 2.07751 18.0711 3.9955C19.9464 5.91348 21 8.51483 21 11.2273Z\" stroke=\"#FF3D00\" stroke-width=\"1.5\" stroke-linecap=\"round\" stroke-linejoin=\"round\"><\/path>\n                                        <path d=\"M10.9993 14.6365C12.8403 14.6365 14.3327 13.1102 14.3327 11.2275C14.3327 9.34466 12.8403 7.81836 10.9993 7.81836C9.1584 7.81836 7.66602 9.34466 7.66602 11.2275C7.66602 13.1102 9.1584 14.6365 10.9993 14.6365Z\" stroke=\"#FF3D00\" stroke-width=\"1.5\" stroke-linecap=\"round\" stroke-linejoin=\"round\"><\/path>\n                                    <\/svg>                <\/div>\r\n                                \r\n            <\/div>\r\n            <div class=\"rr-contact-item-content\">\r\n                                <h3 class=\"rr-contact-item-title rr-el-re-Title\">Address                <\/h3>\r\n                                                <a\r\n                    href=\"https:\/\/maps.app.goo.gl\/A2k9XouEuuybDxZL8\">Beysan Sanayi Sitesi<br>Yakuplu Mah. Birlik Cad. No:29 <br>Beylikd\u00fcz\u00fc 34524 \u0130stanbul\/T\u00fcrkiye<\/a>\r\n                            <\/div>\r\n        <\/div>\r\n            <\/div>\r\n<\/div>\r\n\t\t\t\t<\/div>\n\t\t\t\t<\/div>\n\t\t\t\t<div class=\"elementor-element elementor-element-9884b2a elementor-widget elementor-widget-image\" data-id=\"9884b2a\" data-element_type=\"widget\" data-widget_type=\"image.default\">\n\t\t\t\t<div class=\"elementor-widget-container\">\n\t\t\t\t\t\t\t\t\t\t\t\t\t\t\t<img fetchpriority=\"high\" decoding=\"async\" width=\"1920\" height=\"1080\" src=\"https:\/\/resimofset.com\/wp-content\/uploads\/2025\/06\/CLEANED-DRONE.jpg\" class=\"attachment-full size-full wp-image-3146\" alt=\"\" srcset=\"https:\/\/resimofset.com\/wp-content\/uploads\/2025\/06\/CLEANED-DRONE.jpg 1920w, https:\/\/resimofset.com\/wp-content\/uploads\/2025\/06\/CLEANED-DRONE-300x169.jpg 300w, https:\/\/resimofset.com\/wp-content\/uploads\/2025\/06\/CLEANED-DRONE-1024x576.jpg 1024w, https:\/\/resimofset.com\/wp-content\/uploads\/2025\/06\/CLEANED-DRONE-768x432.jpg 768w, https:\/\/resimofset.com\/wp-content\/uploads\/2025\/06\/CLEANED-DRONE-1536x864.jpg 1536w, https:\/\/resimofset.com\/wp-content\/uploads\/2025\/06\/CLEANED-DRONE-600x338.jpg 600w\" sizes=\"(max-width: 1920px) 100vw, 1920px\" \/>\t\t\t\t\t\t\t\t\t\t\t\t\t\t\t<\/div>\n\t\t\t\t<\/div>\n\t\t\t\t<\/div>\n\t\t<div class=\"elementor-element elementor-element-88f4c82 e-con-full e-flex e-con e-child\" data-id=\"88f4c82\" data-element_type=\"container\">\n\t\t\t\t<div class=\"elementor-element elementor-element-d36ff01 elementor-widget elementor-widget-contact-form\" data-id=\"d36ff01\" data-element_type=\"widget\" data-widget_type=\"contact-form.default\">\n\t\t\t\t<div class=\"elementor-widget-container\">\n\t\t\t\t\t\r\n<section class=\"contact-us__area overflow-hidden\">\r\n    <div class=\"container\">\r\n        <div class=\"row align-items-center\">\r\n            <div class=\"col-xl-12\">\r\n                <div class=\"contact-us__form-wrapper mb-30 mb-xs-25\">\r\n\r\n                    <h2 class=\"section__title mb-10 wow fadeInLeft  animated rr-el-title\">Contact Form<\/h2>                                        <p class=\"mb-40 mb-sm-25 mb-xs-20 wow fadeInLeft  animated\" data-wow-delay=\".5s\">\r\n                        You can send us your suggestions, requests, and complaints using this form.<\/p>\r\n                                        <div class=\"contact-us__form\" id=\"contact-us__form\">\r\n                                                \n<div class=\"wpcf7 no-js\" id=\"wpcf7-f3576-o1\" lang=\"en-US\" dir=\"ltr\" data-wpcf7-id=\"3576\">\n<div class=\"screen-reader-response\"><p role=\"status\" aria-live=\"polite\" aria-atomic=\"true\"><\/p> <ul><\/ul><\/div>\n<form action=\"\/en\/wp-json\/wp\/v2\/pages\/3553#wpcf7-f3576-o1\" method=\"post\" class=\"wpcf7-form init\" aria-label=\"Contact form\" novalidate=\"novalidate\" data-status=\"init\">\n<fieldset class=\"hidden-fields-container\"><input type=\"hidden\" name=\"_wpcf7\" value=\"3576\" \/><input type=\"hidden\" name=\"_wpcf7_version\" value=\"6.1\" \/><input type=\"hidden\" name=\"_wpcf7_locale\" value=\"en_US\" \/><input type=\"hidden\" name=\"_wpcf7_unit_tag\" value=\"wpcf7-f3576-o1\" \/><input type=\"hidden\" name=\"_wpcf7_container_post\" value=\"0\" \/><input type=\"hidden\" name=\"_wpcf7_posted_data_hash\" value=\"\" \/>\n<\/fieldset>\n<div class=\"contact-us__form\" id=\"contact-us__form\" method=\"POST\" action=\".\/mail.php\">\n                            <div class=\"row wow fadeInLeft  animated\" data-wow-delay=\".9s\">\n                                <div class=\"col-sm-6\">\n                                    <div class=\"contact-us__input\">\n<span class=\"wpcf7-form-control-wrap\" data-name=\"text-115\"><input size=\"40\" maxlength=\"400\" class=\"wpcf7-form-control wpcf7-text wpcf7-validates-as-required\" id=\"name\" aria-required=\"true\" aria-invalid=\"false\" placeholder=\"Name Surname\" value=\"\" type=\"text\" name=\"text-115\" \/><\/span>\n\n                                    <\/div>\n                                <\/div>\n                                <div class=\"col-sm-6\">\n                                    <div class=\"contact-us__input\">\n<span class=\"wpcf7-form-control-wrap\" data-name=\"text-email\"><input size=\"40\" maxlength=\"400\" class=\"wpcf7-form-control wpcf7-text wpcf7-validates-as-required\" id=\"email\" aria-required=\"true\" aria-invalid=\"false\" placeholder=\"E-Mail\" value=\"\" type=\"text\" name=\"text-email\" \/><\/span>\n                                    <\/div>\n                                <\/div>\n                                <div class=\"col-sm-6\">\n                                    <div class=\"contact-us__input\">\n<span class=\"wpcf7-form-control-wrap\" data-name=\"text-phone\"><input size=\"40\" maxlength=\"400\" class=\"wpcf7-form-control wpcf7-text wpcf7-validates-as-required\" id=\"phone\" aria-required=\"true\" aria-invalid=\"false\" placeholder=\"Phone Number\" value=\"\" type=\"text\" name=\"text-phone\" \/><\/span>\n                                    <\/div>\n                                <\/div>\n                                <div class=\"col-sm-6\">\n                                    <div class=\"contact-us__input\">\n<span class=\"wpcf7-form-control-wrap\" data-name=\"text-subject\"><input size=\"40\" maxlength=\"400\" class=\"wpcf7-form-control wpcf7-text wpcf7-validates-as-required\" id=\"subject\" aria-required=\"true\" aria-invalid=\"false\" placeholder=\"Subject\" value=\"\" type=\"text\" name=\"text-subject\" \/><\/span>\n                                    <\/div>\n                                <\/div>\n                                <div class=\"col-12\">\n                                    <div class=\"contact-us__textarea \">\n                                        <textarea name=\"textarea\" id=\"textarea\" cols=\"30\" rows=\"10\" placeholder=\"Your Message\"><\/textarea>\n                                    <\/div>\n                                <\/div>\n                                <div class=\"col-12\">\n                                    <button type=\"submit\" class=\"rr-btn mt-30\">Submit<\/button>\n                                <\/div>\n                            <\/div>\n                        <\/div><div class=\"wpcf7-response-output\" aria-hidden=\"true\"><\/div>\n<\/form>\n<\/div>\n                                            <\/div>\r\n                <\/div>\r\n            <\/div>\r\n        <\/div>\r\n    <\/div>\r\n<\/section>\r\n\r\n\t\t\t\t<\/div>\n\t\t\t\t<\/div>\n\t\t\t\t<\/div>\n\t\t\t\t\t<\/div>\n\t\t\t\t<\/div>\n\t\t<div class=\"elementor-element elementor-element-b55d3ba e-con-full e-flex e-con e-parent\" data-id=\"b55d3ba\" data-element_type=\"container\">\n\t\t\t\t<div class=\"elementor-element elementor-element-1293f2b elementor-widget elementor-widget-google_maps\" data-id=\"1293f2b\" data-element_type=\"widget\" data-widget_type=\"google_maps.default\">\n\t\t\t\t<div class=\"elementor-widget-container\">\n\t\t\t\t\t\t\t<div class=\"elementor-custom-embed\">\n\t\t\t<iframe loading=\"lazy\"\n\t\t\t\t\tsrc=\"https:\/\/maps.google.com\/maps?q=Resim%20Ofset&#038;t=m&#038;z=14&#038;output=embed&#038;iwloc=near\"\n\t\t\t\t\ttitle=\"Resim Ofset\"\n\t\t\t\t\taria-label=\"Resim Ofset\"\n\t\t\t><\/iframe>\n\t\t<\/div>\n\t\t\t\t\t\t<\/div>\n\t\t\t\t<\/div>\n\t\t\t\t<\/div>\n\t\t\t\t<\/div>\n\t\t","protected":false},"excerpt":{"rendered":"<p>Contact Us Contact Information Reach Us Quickly and Easily \u2014 Get Answers to Your Questions! Phone +90 212 422 60 40 E-Mail info@resimofset.com Address Beysan Sanayi SitesiYakuplu Mah. Birlik Cad. No:29 Beylikd\u00fcz\u00fc 34524 \u0130stanbul\/T\u00fcrkiye Contact Form You can send us your suggestions, requests, and complaints using this form. Submit<\/p>\n","protected":false},"author":1,"featured_media":0,"parent":0,"menu_order":0,"comment_status":"closed","ping_status":"closed","template":"elementor_header_footer","meta":{"footnotes":""},"class_list":["post-3553","page","type-page","status-publish","hentry"],"_links":{"self":[{"href":"https:\/\/resimofset.com\/en\/wp-json\/wp\/v2\/pages\/3553","targetHints":{"allow":["GET"]}}],"collection":[{"href":"https:\/\/resimofset.com\/en\/wp-json\/wp\/v2\/pages"}],"about":[{"href":"https:\/\/resimofset.com\/en\/wp-json\/wp\/v2\/types\/page"}],"author":[{"embeddable":true,"href":"https:\/\/resimofset.com\/en\/wp-json\/wp\/v2\/users\/1"}],"replies":[{"embeddable":true,"href":"https:\/\/resimofset.com\/en\/wp-json\/wp\/v2\/comments?post=3553"}],"version-history":[{"count":7,"href":"https:\/\/resimofset.com\/en\/wp-json\/wp\/v2\/pages\/3553\/revisions"}],"predecessor-version":[{"id":3583,"href":"https:\/\/resimofset.com\/en\/wp-json\/wp\/v2\/pages\/3553\/revisions\/3583"}],"wp:attachment":[{"href":"https:\/\/resimofset.com\/en\/wp-json\/wp\/v2\/media?parent=3553"}],"curies":[{"name":"wp","href":"https:\/\/api.w.org\/{rel}","templated":true}]}}